{"id":3168,"date":"2020-10-15T14:49:54","date_gmt":"2020-10-15T14:49:54","guid":{"rendered":"https:\/\/516arouca.pt\/a-maior-ponte-pedonal-suspensa-do-mundo\/"},"modified":"2022-05-23T12:27:56","modified_gmt":"2022-05-23T12:27:56","slug":"a-maior-ponte-pedonal-suspensa-do-mundo","status":"publish","type":"page","link":"https:\/\/516arouca.pt\/en\/","title":{"rendered":"Home"},"content":{"rendered":"","protected":false},"excerpt":{"rendered":"","protected":false},"author":4,"featured_media":0,"parent":0,"menu_order":0,"comment_status":"closed","ping_status":"closed","template":"","meta":{"inline_featured_image":false},"acf":[],"yoast_head":"<!-- This site is optimized with the Yoast SEO plugin v19.2 - https:\/\/yoast.com\/wordpress\/plugins\/seo\/ -->\n<title>Ponte 516 Arouca: Site Oficial<\/title>\n<meta name=\"description\" content=\"Suspensa no c\u00e9u, 175 metros acima do rio Paiva, em pleno Arouca Geopark, territ\u00f3rio da UNESCO, nasce a ponte 516 Arouca. Reserve j\u00e1 a sua visita!\" \/>\n<meta name=\"robots\" content=\"index, follow, max-snippet:-1, max-image-preview:large, max-video-preview:-1\" \/>\n<link rel=\"canonical\" href=\"https:\/\/516arouca.pt\/en\/\" \/>\n<meta property=\"og:locale\" content=\"en_US\" \/>\n<meta property=\"og:type\" content=\"article\" \/>\n<meta property=\"og:title\" content=\"A maior ponte pedonal suspensa do mundo espera por si!\" \/>\n<meta property=\"og:description\" content=\"Suspensa no c\u00e9u, 175 metros acima do rio Paiva, em pleno Arouca Geopark, territ\u00f3rio da UNESCO, nasce a 516 Arouca.\" \/>\n<meta property=\"og:url\" content=\"https:\/\/516arouca.pt\/en\/\" \/>\n<meta property=\"og:site_name\" content=\"Ponte Suspensa\" \/>\n<meta property=\"article:publisher\" content=\"https:\/\/www.facebook.com\/516arouca\" \/>\n<meta property=\"article:modified_time\" content=\"2022-05-23T12:27:56+00:00\" \/>\n<meta property=\"og:image\" content=\"https:\/\/516arouca.pt\/wp-content\/uploads\/2021\/04\/cascata_agui.jpg\" \/>\n\t<meta property=\"og:image:width\" content=\"530\" \/>\n\t<meta property=\"og:image:height\" content=\"430\" \/>\n\t<meta property=\"og:image:type\" content=\"image\/jpeg\" \/>\n<meta name=\"author\" content=\"Ana Pinto\" \/>\n<meta name=\"twitter:card\" content=\"summary_large_image\" \/>\n<script type=\"application\/ld+json\" class=\"yoast-schema-graph\">{\"@context\":\"https:\/\/schema.org\",\"@graph\":[{\"@type\":\"WebSite\",\"@id\":\"https:\/\/516arouca.pt\/#website\",\"url\":\"https:\/\/516arouca.pt\/\",\"name\":\"Ponte Suspensa\",\"description\":\"\",\"potentialAction\":[{\"@type\":\"SearchAction\",\"target\":{\"@type\":\"EntryPoint\",\"urlTemplate\":\"https:\/\/516arouca.pt\/?s={search_term_string}\"},\"query-input\":\"required name=search_term_string\"}],\"inLanguage\":\"en-US\"},{\"@type\":\"ImageObject\",\"inLanguage\":\"en-US\",\"@id\":\"https:\/\/516arouca.pt\/en\/#primaryimage\",\"url\":\"https:\/\/516arouca.pt\/wp-content\/uploads\/2021\/04\/cascata_agui.jpg\",\"contentUrl\":\"https:\/\/516arouca.pt\/wp-content\/uploads\/2021\/04\/cascata_agui.jpg\",\"width\":530,\"height\":430},{\"@type\":\"WebPage\",\"@id\":\"https:\/\/516arouca.pt\/en\/#webpage\",\"url\":\"https:\/\/516arouca.pt\/en\/\",\"name\":\"Ponte 516 Arouca: Site Oficial\",\"isPartOf\":{\"@id\":\"https:\/\/516arouca.pt\/#website\"},\"primaryImageOfPage\":{\"@id\":\"https:\/\/516arouca.pt\/en\/#primaryimage\"},\"datePublished\":\"2020-10-15T14:49:54+00:00\",\"dateModified\":\"2022-05-23T12:27:56+00:00\",\"description\":\"Suspensa no c\u00e9u, 175 metros acima do rio Paiva, em pleno Arouca Geopark, territ\u00f3rio da UNESCO, nasce a ponte 516 Arouca. Reserve j\u00e1 a sua visita!\",\"breadcrumb\":{\"@id\":\"https:\/\/516arouca.pt\/en\/#breadcrumb\"},\"inLanguage\":\"en-US\",\"potentialAction\":[{\"@type\":\"ReadAction\",\"target\":[\"https:\/\/516arouca.pt\/en\/\"]}]},{\"@type\":\"BreadcrumbList\",\"@id\":\"https:\/\/516arouca.pt\/en\/#breadcrumb\",\"itemListElement\":[{\"@type\":\"ListItem\",\"position\":1,\"name\":\"Home\",\"item\":\"https:\/\/516arouca.pt\/en\/\"},{\"@type\":\"ListItem\",\"position\":2,\"name\":\"Home\"}]}]}<\/script>\n<!-- \/ Yoast SEO plugin. -->","yoast_head_json":{"title":"Ponte 516 Arouca: Site Oficial","description":"Suspensa no c\u00e9u, 175 metros acima do rio Paiva, em pleno Arouca Geopark, territ\u00f3rio da UNESCO, nasce a ponte 516 Arouca. Reserve j\u00e1 a sua visita!","robots":{"index":"index","follow":"follow","max-snippet":"max-snippet:-1","max-image-preview":"max-image-preview:large","max-video-preview":"max-video-preview:-1"},"canonical":"https:\/\/516arouca.pt\/en\/","og_locale":"en_US","og_type":"article","og_title":"A maior ponte pedonal suspensa do mundo espera por si!","og_description":"Suspensa no c\u00e9u, 175 metros acima do rio Paiva, em pleno Arouca Geopark, territ\u00f3rio da UNESCO, nasce a 516 Arouca.","og_url":"https:\/\/516arouca.pt\/en\/","og_site_name":"Ponte Suspensa","article_publisher":"https:\/\/www.facebook.com\/516arouca","article_modified_time":"2022-05-23T12:27:56+00:00","og_image":[{"width":530,"height":430,"url":"https:\/\/516arouca.pt\/wp-content\/uploads\/2021\/04\/cascata_agui.jpg","type":"image\/jpeg"}],"author":"Ana Pinto","twitter_card":"summary_large_image","schema":{"@context":"https:\/\/schema.org","@graph":[{"@type":"WebSite","@id":"https:\/\/516arouca.pt\/#website","url":"https:\/\/516arouca.pt\/","name":"Ponte Suspensa","description":"","potentialAction":[{"@type":"SearchAction","target":{"@type":"EntryPoint","urlTemplate":"https:\/\/516arouca.pt\/?s={search_term_string}"},"query-input":"required name=search_term_string"}],"inLanguage":"en-US"},{"@type":"ImageObject","inLanguage":"en-US","@id":"https:\/\/516arouca.pt\/en\/#primaryimage","url":"https:\/\/516arouca.pt\/wp-content\/uploads\/2021\/04\/cascata_agui.jpg","contentUrl":"https:\/\/516arouca.pt\/wp-content\/uploads\/2021\/04\/cascata_agui.jpg","width":530,"height":430},{"@type":"WebPage","@id":"https:\/\/516arouca.pt\/en\/#webpage","url":"https:\/\/516arouca.pt\/en\/","name":"Ponte 516 Arouca: Site Oficial","isPartOf":{"@id":"https:\/\/516arouca.pt\/#website"},"primaryImageOfPage":{"@id":"https:\/\/516arouca.pt\/en\/#primaryimage"},"datePublished":"2020-10-15T14:49:54+00:00","dateModified":"2022-05-23T12:27:56+00:00","description":"Suspensa no c\u00e9u, 175 metros acima do rio Paiva, em pleno Arouca Geopark, territ\u00f3rio da UNESCO, nasce a ponte 516 Arouca. Reserve j\u00e1 a sua visita!","breadcrumb":{"@id":"https:\/\/516arouca.pt\/en\/#breadcrumb"},"inLanguage":"en-US","potentialAction":[{"@type":"ReadAction","target":["https:\/\/516arouca.pt\/en\/"]}]},{"@type":"BreadcrumbList","@id":"https:\/\/516arouca.pt\/en\/#breadcrumb","itemListElement":[{"@type":"ListItem","position":1,"name":"Home","item":"https:\/\/516arouca.pt\/en\/"},{"@type":"ListItem","position":2,"name":"Home"}]}]}},"_links":{"self":[{"href":"https:\/\/516arouca.pt\/en\/wp-json\/wp\/v2\/pages\/3168"}],"collection":[{"href":"https:\/\/516arouca.pt\/en\/wp-json\/wp\/v2\/pages"}],"about":[{"href":"https:\/\/516arouca.pt\/en\/wp-json\/wp\/v2\/types\/page"}],"author":[{"embeddable":true,"href":"https:\/\/516arouca.pt\/en\/wp-json\/wp\/v2\/users\/4"}],"replies":[{"embeddable":true,"href":"https:\/\/516arouca.pt\/en\/wp-json\/wp\/v2\/comments?post=3168"}],"version-history":[{"count":19,"href":"https:\/\/516arouca.pt\/en\/wp-json\/wp\/v2\/pages\/3168\/revisions"}],"predecessor-version":[{"id":3530,"href":"https:\/\/516arouca.pt\/en\/wp-json\/wp\/v2\/pages\/3168\/revisions\/3530"}],"wp:attachment":[{"href":"https:\/\/516arouca.pt\/en\/wp-json\/wp\/v2\/media?parent=3168"}],"curies":[{"name":"wp","href":"https:\/\/api.w.org\/{rel}","templated":true}]}}