{"id":3173,"date":"2020-10-15T14:50:15","date_gmt":"2020-10-15T14:50:15","guid":{"rendered":"https:\/\/516arouca.pt\/sobre\/"},"modified":"2022-09-15T10:55:10","modified_gmt":"2022-09-15T10:55:10","slug":"about","status":"publish","type":"page","link":"https:\/\/516arouca.pt\/en\/about\/","title":{"rendered":"About the bridge"},"content":{"rendered":"","protected":false},"excerpt":{"rendered":"","protected":false},"author":4,"featured_media":3013,"parent":0,"menu_order":0,"comment_status":"closed","ping_status":"closed","template":"templates\/interior.php","meta":{"inline_featured_image":false},"acf":[],"yoast_head":"<!-- This site is optimized with the Yoast SEO plugin v19.2 - https:\/\/yoast.com\/wordpress\/plugins\/seo\/ -->\n<title>About the bridge - Ponte Suspensa<\/title>\n<meta name=\"description\" content=\"Constitu\u00edda por gradis e cabos de a\u00e7o, com 516 metros de v\u00e3o, 1,20 metros de largura e 175 metros de altura acima do rio Paiva. Saiba mais.\" \/>\n<meta name=\"robots\" content=\"index, follow, max-snippet:-1, max-image-preview:large, max-video-preview:-1\" \/>\n<link rel=\"canonical\" href=\"https:\/\/516arouca.pt\/en\/about\/\" \/>\n<meta property=\"og:locale\" content=\"en_US\" \/>\n<meta property=\"og:type\" content=\"article\" \/>\n<meta property=\"og:title\" content=\"About the bridge - Ponte Suspensa\" \/>\n<meta property=\"og:description\" content=\"Constitu\u00edda por gradis e cabos de a\u00e7o, com 516 metros de v\u00e3o, 1,20 metros de largura e 175 metros de altura acima do rio Paiva. Saiba mais.\" \/>\n<meta property=\"og:url\" content=\"https:\/\/516arouca.pt\/en\/about\/\" \/>\n<meta property=\"og:site_name\" content=\"Ponte Suspensa\" \/>\n<meta property=\"article:publisher\" content=\"https:\/\/www.facebook.com\/516arouca\" \/>\n<meta property=\"article:modified_time\" content=\"2022-09-15T10:55:10+00:00\" \/>\n<meta property=\"og:image\" content=\"https:\/\/516arouca.pt\/wp-content\/uploads\/2021\/04\/sobre_h5.jpg\" \/>\n\t<meta property=\"og:image:width\" content=\"1920\" \/>\n\t<meta property=\"og:image:height\" content=\"1080\" \/>\n\t<meta property=\"og:image:type\" content=\"image\/jpeg\" \/>\n<meta name=\"author\" content=\"Ana Pinto\" \/>\n<meta name=\"twitter:card\" content=\"summary_large_image\" \/>\n<script type=\"application\/ld+json\" class=\"yoast-schema-graph\">{\"@context\":\"https:\/\/schema.org\",\"@graph\":[{\"@type\":\"WebSite\",\"@id\":\"https:\/\/516arouca.pt\/#website\",\"url\":\"https:\/\/516arouca.pt\/\",\"name\":\"Ponte Suspensa\",\"description\":\"\",\"potentialAction\":[{\"@type\":\"SearchAction\",\"target\":{\"@type\":\"EntryPoint\",\"urlTemplate\":\"https:\/\/516arouca.pt\/?s={search_term_string}\"},\"query-input\":\"required name=search_term_string\"}],\"inLanguage\":\"en-US\"},{\"@type\":\"ImageObject\",\"inLanguage\":\"en-US\",\"@id\":\"https:\/\/516arouca.pt\/en\/about\/#primaryimage\",\"url\":\"https:\/\/516arouca.pt\/wp-content\/uploads\/2021\/04\/sobre_h5.jpg\",\"contentUrl\":\"https:\/\/516arouca.pt\/wp-content\/uploads\/2021\/04\/sobre_h5.jpg\",\"width\":1920,\"height\":1080,\"caption\":\"Ponte Pedonal suspensa arouca\"},{\"@type\":\"WebPage\",\"@id\":\"https:\/\/516arouca.pt\/en\/about\/#webpage\",\"url\":\"https:\/\/516arouca.pt\/en\/about\/\",\"name\":\"About the bridge - Ponte Suspensa\",\"isPartOf\":{\"@id\":\"https:\/\/516arouca.pt\/#website\"},\"primaryImageOfPage\":{\"@id\":\"https:\/\/516arouca.pt\/en\/about\/#primaryimage\"},\"datePublished\":\"2020-10-15T14:50:15+00:00\",\"dateModified\":\"2022-09-15T10:55:10+00:00\",\"description\":\"Constitu\u00edda por gradis e cabos de a\u00e7o, com 516 metros de v\u00e3o, 1,20 metros de largura e 175 metros de altura acima do rio Paiva. Saiba mais.\",\"breadcrumb\":{\"@id\":\"https:\/\/516arouca.pt\/en\/about\/#breadcrumb\"},\"inLanguage\":\"en-US\",\"potentialAction\":[{\"@type\":\"ReadAction\",\"target\":[\"https:\/\/516arouca.pt\/en\/about\/\"]}]},{\"@type\":\"BreadcrumbList\",\"@id\":\"https:\/\/516arouca.pt\/en\/about\/#breadcrumb\",\"itemListElement\":[{\"@type\":\"ListItem\",\"position\":1,\"name\":\"Home\",\"item\":\"https:\/\/516arouca.pt\/en\/\"},{\"@type\":\"ListItem\",\"position\":2,\"name\":\"About the bridge\"}]}]}<\/script>\n<!-- \/ Yoast SEO plugin. -->","yoast_head_json":{"title":"About the bridge - Ponte Suspensa","description":"Constitu\u00edda por gradis e cabos de a\u00e7o, com 516 metros de v\u00e3o, 1,20 metros de largura e 175 metros de altura acima do rio Paiva. Saiba mais.","robots":{"index":"index","follow":"follow","max-snippet":"max-snippet:-1","max-image-preview":"max-image-preview:large","max-video-preview":"max-video-preview:-1"},"canonical":"https:\/\/516arouca.pt\/en\/about\/","og_locale":"en_US","og_type":"article","og_title":"About the bridge - Ponte Suspensa","og_description":"Constitu\u00edda por gradis e cabos de a\u00e7o, com 516 metros de v\u00e3o, 1,20 metros de largura e 175 metros de altura acima do rio Paiva. Saiba mais.","og_url":"https:\/\/516arouca.pt\/en\/about\/","og_site_name":"Ponte Suspensa","article_publisher":"https:\/\/www.facebook.com\/516arouca","article_modified_time":"2022-09-15T10:55:10+00:00","og_image":[{"width":1920,"height":1080,"url":"https:\/\/516arouca.pt\/wp-content\/uploads\/2021\/04\/sobre_h5.jpg","type":"image\/jpeg"}],"author":"Ana Pinto","twitter_card":"summary_large_image","schema":{"@context":"https:\/\/schema.org","@graph":[{"@type":"WebSite","@id":"https:\/\/516arouca.pt\/#website","url":"https:\/\/516arouca.pt\/","name":"Ponte Suspensa","description":"","potentialAction":[{"@type":"SearchAction","target":{"@type":"EntryPoint","urlTemplate":"https:\/\/516arouca.pt\/?s={search_term_string}"},"query-input":"required name=search_term_string"}],"inLanguage":"en-US"},{"@type":"ImageObject","inLanguage":"en-US","@id":"https:\/\/516arouca.pt\/en\/about\/#primaryimage","url":"https:\/\/516arouca.pt\/wp-content\/uploads\/2021\/04\/sobre_h5.jpg","contentUrl":"https:\/\/516arouca.pt\/wp-content\/uploads\/2021\/04\/sobre_h5.jpg","width":1920,"height":1080,"caption":"Ponte Pedonal suspensa arouca"},{"@type":"WebPage","@id":"https:\/\/516arouca.pt\/en\/about\/#webpage","url":"https:\/\/516arouca.pt\/en\/about\/","name":"About the bridge - Ponte Suspensa","isPartOf":{"@id":"https:\/\/516arouca.pt\/#website"},"primaryImageOfPage":{"@id":"https:\/\/516arouca.pt\/en\/about\/#primaryimage"},"datePublished":"2020-10-15T14:50:15+00:00","dateModified":"2022-09-15T10:55:10+00:00","description":"Constitu\u00edda por gradis e cabos de a\u00e7o, com 516 metros de v\u00e3o, 1,20 metros de largura e 175 metros de altura acima do rio Paiva. Saiba mais.","breadcrumb":{"@id":"https:\/\/516arouca.pt\/en\/about\/#breadcrumb"},"inLanguage":"en-US","potentialAction":[{"@type":"ReadAction","target":["https:\/\/516arouca.pt\/en\/about\/"]}]},{"@type":"BreadcrumbList","@id":"https:\/\/516arouca.pt\/en\/about\/#breadcrumb","itemListElement":[{"@type":"ListItem","position":1,"name":"Home","item":"https:\/\/516arouca.pt\/en\/"},{"@type":"ListItem","position":2,"name":"About the bridge"}]}]}},"_links":{"self":[{"href":"https:\/\/516arouca.pt\/en\/wp-json\/wp\/v2\/pages\/3173"}],"collection":[{"href":"https:\/\/516arouca.pt\/en\/wp-json\/wp\/v2\/pages"}],"about":[{"href":"https:\/\/516arouca.pt\/en\/wp-json\/wp\/v2\/types\/page"}],"author":[{"embeddable":true,"href":"https:\/\/516arouca.pt\/en\/wp-json\/wp\/v2\/users\/4"}],"replies":[{"embeddable":true,"href":"https:\/\/516arouca.pt\/en\/wp-json\/wp\/v2\/comments?post=3173"}],"version-history":[{"count":8,"href":"https:\/\/516arouca.pt\/en\/wp-json\/wp\/v2\/pages\/3173\/revisions"}],"predecessor-version":[{"id":3816,"href":"https:\/\/516arouca.pt\/en\/wp-json\/wp\/v2\/pages\/3173\/revisions\/3816"}],"wp:featuredmedia":[{"embeddable":true,"href":"https:\/\/516arouca.pt\/en\/wp-json\/wp\/v2\/media\/3013"}],"wp:attachment":[{"href":"https:\/\/516arouca.pt\/en\/wp-json\/wp\/v2\/media?parent=3173"}],"curies":[{"name":"wp","href":"https:\/\/api.w.org\/{rel}","templated":true}]}}