{"id":3178,"date":"2021-01-20T22:10:49","date_gmt":"2021-01-20T22:10:49","guid":{"rendered":"https:\/\/516arouca.pt\/faqs\/"},"modified":"2023-01-19T12:29:35","modified_gmt":"2023-01-19T12:29:35","slug":"faqs","status":"publish","type":"page","link":"https:\/\/516arouca.pt\/en\/faqs\/","title":{"rendered":"Perguntas Frequentes"},"content":{"rendered":"","protected":false},"excerpt":{"rendered":"","protected":false},"author":4,"featured_media":2991,"parent":0,"menu_order":0,"comment_status":"closed","ping_status":"closed","template":"templates\/faqs.php","meta":{"inline_featured_image":false},"acf":[],"yoast_head":"<!-- This site is optimized with the Yoast SEO plugin v19.2 - https:\/\/yoast.com\/wordpress\/plugins\/seo\/ -->\n<title>Perguntas Frequentes - Ponte Suspensa<\/title>\n<meta name=\"description\" content=\"Conhe\u00e7a as informa\u00e7\u00f5es gerais, pre\u00e7os, hor\u00e1rios e outras quest\u00f5es sobre a visita \u00e0 516 Arouca, a maior ponte Pedonal suspensa do mundo.\" \/>\n<meta name=\"robots\" content=\"index, follow, max-snippet:-1, max-image-preview:large, max-video-preview:-1\" \/>\n<link rel=\"canonical\" href=\"https:\/\/516arouca.pt\/en\/faqs\/\" \/>\n<meta property=\"og:locale\" content=\"en_US\" \/>\n<meta property=\"og:type\" content=\"article\" \/>\n<meta property=\"og:title\" content=\"Perguntas Frequentes - Ponte Suspensa\" \/>\n<meta property=\"og:description\" content=\"Conhe\u00e7a as informa\u00e7\u00f5es gerais, pre\u00e7os, hor\u00e1rios e outras quest\u00f5es sobre a visita \u00e0 516 Arouca, a maior ponte Pedonal suspensa do mundo.\" \/>\n<meta property=\"og:url\" content=\"https:\/\/516arouca.pt\/en\/faqs\/\" \/>\n<meta property=\"og:site_name\" content=\"Ponte Suspensa\" \/>\n<meta property=\"article:publisher\" content=\"https:\/\/www.facebook.com\/516arouca\" \/>\n<meta property=\"article:modified_time\" content=\"2023-01-19T12:29:35+00:00\" \/>\n<meta property=\"og:image\" content=\"https:\/\/516arouca.pt\/wp-content\/uploads\/2021\/04\/h002.jpg\" \/>\n\t<meta property=\"og:image:width\" content=\"1920\" \/>\n\t<meta property=\"og:image:height\" content=\"1080\" \/>\n\t<meta property=\"og:image:type\" content=\"image\/jpeg\" \/>\n<meta name=\"author\" content=\"Ana Pinto\" \/>\n<meta name=\"twitter:card\" content=\"summary_large_image\" \/>\n<script type=\"application\/ld+json\" class=\"yoast-schema-graph\">{\"@context\":\"https:\/\/schema.org\",\"@graph\":[{\"@type\":\"WebSite\",\"@id\":\"https:\/\/516arouca.pt\/#website\",\"url\":\"https:\/\/516arouca.pt\/\",\"name\":\"Ponte Suspensa\",\"description\":\"\",\"potentialAction\":[{\"@type\":\"SearchAction\",\"target\":{\"@type\":\"EntryPoint\",\"urlTemplate\":\"https:\/\/516arouca.pt\/?s={search_term_string}\"},\"query-input\":\"required name=search_term_string\"}],\"inLanguage\":\"en-US\"},{\"@type\":\"ImageObject\",\"inLanguage\":\"en-US\",\"@id\":\"https:\/\/516arouca.pt\/en\/faqs\/#primaryimage\",\"url\":\"https:\/\/516arouca.pt\/wp-content\/uploads\/2021\/04\/h002.jpg\",\"contentUrl\":\"https:\/\/516arouca.pt\/wp-content\/uploads\/2021\/04\/h002.jpg\",\"width\":1920,\"height\":1080,\"caption\":\"516 arouca\"},{\"@type\":\"WebPage\",\"@id\":\"https:\/\/516arouca.pt\/en\/faqs\/#webpage\",\"url\":\"https:\/\/516arouca.pt\/en\/faqs\/\",\"name\":\"Perguntas Frequentes - Ponte Suspensa\",\"isPartOf\":{\"@id\":\"https:\/\/516arouca.pt\/#website\"},\"primaryImageOfPage\":{\"@id\":\"https:\/\/516arouca.pt\/en\/faqs\/#primaryimage\"},\"datePublished\":\"2021-01-20T22:10:49+00:00\",\"dateModified\":\"2023-01-19T12:29:35+00:00\",\"description\":\"Conhe\u00e7a as informa\u00e7\u00f5es gerais, pre\u00e7os, hor\u00e1rios e outras quest\u00f5es sobre a visita \u00e0 516 Arouca, a maior ponte Pedonal suspensa do mundo.\",\"breadcrumb\":{\"@id\":\"https:\/\/516arouca.pt\/en\/faqs\/#breadcrumb\"},\"inLanguage\":\"en-US\",\"potentialAction\":[{\"@type\":\"ReadAction\",\"target\":[\"https:\/\/516arouca.pt\/en\/faqs\/\"]}]},{\"@type\":\"BreadcrumbList\",\"@id\":\"https:\/\/516arouca.pt\/en\/faqs\/#breadcrumb\",\"itemListElement\":[{\"@type\":\"ListItem\",\"position\":1,\"name\":\"Home\",\"item\":\"https:\/\/516arouca.pt\/en\/\"},{\"@type\":\"ListItem\",\"position\":2,\"name\":\"Perguntas Frequentes\"}]}]}<\/script>\n<!-- \/ Yoast SEO plugin. -->","yoast_head_json":{"title":"Perguntas Frequentes - Ponte Suspensa","description":"Conhe\u00e7a as informa\u00e7\u00f5es gerais, pre\u00e7os, hor\u00e1rios e outras quest\u00f5es sobre a visita \u00e0 516 Arouca, a maior ponte Pedonal suspensa do mundo.","robots":{"index":"index","follow":"follow","max-snippet":"max-snippet:-1","max-image-preview":"max-image-preview:large","max-video-preview":"max-video-preview:-1"},"canonical":"https:\/\/516arouca.pt\/en\/faqs\/","og_locale":"en_US","og_type":"article","og_title":"Perguntas Frequentes - Ponte Suspensa","og_description":"Conhe\u00e7a as informa\u00e7\u00f5es gerais, pre\u00e7os, hor\u00e1rios e outras quest\u00f5es sobre a visita \u00e0 516 Arouca, a maior ponte Pedonal suspensa do mundo.","og_url":"https:\/\/516arouca.pt\/en\/faqs\/","og_site_name":"Ponte Suspensa","article_publisher":"https:\/\/www.facebook.com\/516arouca","article_modified_time":"2023-01-19T12:29:35+00:00","og_image":[{"width":1920,"height":1080,"url":"https:\/\/516arouca.pt\/wp-content\/uploads\/2021\/04\/h002.jpg","type":"image\/jpeg"}],"author":"Ana Pinto","twitter_card":"summary_large_image","schema":{"@context":"https:\/\/schema.org","@graph":[{"@type":"WebSite","@id":"https:\/\/516arouca.pt\/#website","url":"https:\/\/516arouca.pt\/","name":"Ponte Suspensa","description":"","potentialAction":[{"@type":"SearchAction","target":{"@type":"EntryPoint","urlTemplate":"https:\/\/516arouca.pt\/?s={search_term_string}"},"query-input":"required name=search_term_string"}],"inLanguage":"en-US"},{"@type":"ImageObject","inLanguage":"en-US","@id":"https:\/\/516arouca.pt\/en\/faqs\/#primaryimage","url":"https:\/\/516arouca.pt\/wp-content\/uploads\/2021\/04\/h002.jpg","contentUrl":"https:\/\/516arouca.pt\/wp-content\/uploads\/2021\/04\/h002.jpg","width":1920,"height":1080,"caption":"516 arouca"},{"@type":"WebPage","@id":"https:\/\/516arouca.pt\/en\/faqs\/#webpage","url":"https:\/\/516arouca.pt\/en\/faqs\/","name":"Perguntas Frequentes - Ponte Suspensa","isPartOf":{"@id":"https:\/\/516arouca.pt\/#website"},"primaryImageOfPage":{"@id":"https:\/\/516arouca.pt\/en\/faqs\/#primaryimage"},"datePublished":"2021-01-20T22:10:49+00:00","dateModified":"2023-01-19T12:29:35+00:00","description":"Conhe\u00e7a as informa\u00e7\u00f5es gerais, pre\u00e7os, hor\u00e1rios e outras quest\u00f5es sobre a visita \u00e0 516 Arouca, a maior ponte Pedonal suspensa do mundo.","breadcrumb":{"@id":"https:\/\/516arouca.pt\/en\/faqs\/#breadcrumb"},"inLanguage":"en-US","potentialAction":[{"@type":"ReadAction","target":["https:\/\/516arouca.pt\/en\/faqs\/"]}]},{"@type":"BreadcrumbList","@id":"https:\/\/516arouca.pt\/en\/faqs\/#breadcrumb","itemListElement":[{"@type":"ListItem","position":1,"name":"Home","item":"https:\/\/516arouca.pt\/en\/"},{"@type":"ListItem","position":2,"name":"Perguntas Frequentes"}]}]}},"_links":{"self":[{"href":"https:\/\/516arouca.pt\/en\/wp-json\/wp\/v2\/pages\/3178"}],"collection":[{"href":"https:\/\/516arouca.pt\/en\/wp-json\/wp\/v2\/pages"}],"about":[{"href":"https:\/\/516arouca.pt\/en\/wp-json\/wp\/v2\/types\/page"}],"author":[{"embeddable":true,"href":"https:\/\/516arouca.pt\/en\/wp-json\/wp\/v2\/users\/4"}],"replies":[{"embeddable":true,"href":"https:\/\/516arouca.pt\/en\/wp-json\/wp\/v2\/comments?post=3178"}],"version-history":[{"count":2,"href":"https:\/\/516arouca.pt\/en\/wp-json\/wp\/v2\/pages\/3178\/revisions"}],"predecessor-version":[{"id":3827,"href":"https:\/\/516arouca.pt\/en\/wp-json\/wp\/v2\/pages\/3178\/revisions\/3827"}],"wp:featuredmedia":[{"embeddable":true,"href":"https:\/\/516arouca.pt\/en\/wp-json\/wp\/v2\/media\/2991"}],"wp:attachment":[{"href":"https:\/\/516arouca.pt\/en\/wp-json\/wp\/v2\/media?parent=3178"}],"curies":[{"name":"wp","href":"https:\/\/api.w.org\/{rel}","templated":true}]}}